{"id":89024,"date":"2022-06-22T17:25:19","date_gmt":"2022-06-22T15:25:19","guid":{"rendered":"https:\/\/ambromeda.com\/?page_id=89024"},"modified":"2026-04-24T09:55:16","modified_gmt":"2026-04-24T07:55:16","slug":"blog","status":"publish","type":"page","link":"https:\/\/ambromeda.com\/hu\/blog\/","title":{"rendered":"Blog"},"content":{"rendered":"<div class=\"wpb-content-wrapper\"><div data-parent=\"true\" class=\"vc_row row-container\" id=\"row-unique-0\"><div class=\"row one-top-padding single-bottom-padding single-h-padding limit-width row-parent\"><div class=\"wpb_row row-inner\"><div class=\"wpb_column pos-top pos-center align_left column_parent col-lg-12 single-internal-gutter\"><div class=\"uncol style-light\"  ><div class=\"uncoltable\"><div class=\"uncell no-block-padding\" ><div class=\"uncont\" ><div class=\"vc_row row-internal row-container\"><div class=\"row unequal row-child\"><div class=\"wpb_row row-inner\"><div class=\"wpb_column pos-top pos-center align_left column_child col-lg-6 single-internal-gutter\"><div class=\"uncol style-light\" ><div class=\"uncoltable\"><div class=\"uncell no-block-padding\" ><div class=\"uncont\" ><\/div><\/div><\/div><\/div><\/div><div class=\"wpb_column pos-top pos-center align_left column_child col-lg-6 single-internal-gutter\"><div class=\"uncol style-light\" ><div class=\"uncoltable\"><div class=\"uncell no-block-padding\" ><div class=\"uncont\" >\n<div class=\"wpcf7 no-js\" id=\"wpcf7-f87811-o1\" lang=\"en-US\" dir=\"ltr\" data-wpcf7-id=\"87811\">\n<div class=\"screen-reader-response\"><p role=\"status\" aria-live=\"polite\" aria-atomic=\"true\"><\/p> <ul><\/ul><\/div>\n<form action=\"\/hu\/wp-json\/wp\/v2\/pages\/89024#wpcf7-f87811-o1\" method=\"post\" class=\"wpcf7-form init 1592d819466e cmatic-conn cmatic-aud-1 cmatic-mapd0-0 cmatic-v097802 cmatic-sent-0 cmatic-total-4894\" aria-label=\"Contact form\" novalidate=\"novalidate\" data-status=\"init\" data-trp-original-action=\"\/hu\/wp-json\/wp\/v2\/pages\/89024#wpcf7-f87811-o1\">\n<fieldset class=\"hidden-fields-container\"><input type=\"hidden\" name=\"_wpcf7\" value=\"87811\" \/><input type=\"hidden\" name=\"_wpcf7_version\" value=\"6.1.5\" \/><input type=\"hidden\" name=\"_wpcf7_locale\" value=\"en_US\" \/><input type=\"hidden\" name=\"_wpcf7_unit_tag\" value=\"wpcf7-f87811-o1\" \/><input type=\"hidden\" name=\"_wpcf7_container_post\" value=\"0\" \/><input type=\"hidden\" name=\"_wpcf7_posted_data_hash\" value=\"\" \/><input type=\"hidden\" name=\"_wpcf7_recaptcha_response\" value=\"\" \/>\n<\/fieldset>\n<div class=\"wpcf7-inline-wrapper wpcf7-input-group\">\n\t<p class=\"wpcf7-inline-field wpcf7-inline-field-text\"><span class=\"wpcf7-form-control-wrap\" data-name=\"client-email\"><input size=\"40\" maxlength=\"400\" class=\"wpcf7-form-control wpcf7-email wpcf7-validates-as-required wpcf7-text wpcf7-validates-as-email btn-circle\" aria-required=\"true\" aria-invalid=\"false\" placeholder=\"E-mail c\u00edm \u00faj bejegyz\u00e9sekhez\" value=\"\" type=\"email\" name=\"client-email\" \/><\/span>\n\t<\/p>\n\t<p class=\"wpcf7-inline-field wpcf7-inline-field-btn\"><input class=\"wpcf7-form-control wpcf7-submit has-spinner btn btn-accent btn-circle\" type=\"submit\" value=\"Feliratkoz\u00e1s\" \/>\n\t<\/p>\n<\/div><p style=\"display: none !important;\" class=\"akismet-fields-container\" data-prefix=\"_wpcf7_ak_\"><label>&#916;<textarea name=\"_wpcf7_ak_hp_textarea\" cols=\"45\" rows=\"8\" maxlength=\"100\"><\/textarea><\/label><input type=\"hidden\" id=\"ak_js_1\" name=\"_wpcf7_ak_js\" value=\"78\"\/><script>document.getElementById( \"ak_js_1\" ).setAttribute( \"value\", ( new Date() ).getTime() );<\/script><\/p><div class=\"wpcf7-response-output\" aria-hidden=\"true\"><\/div>\n<input type=\"hidden\" name=\"trp-form-language\" value=\"hu\"\/><\/form>\n<\/div>\n<\/div><\/div><\/div><\/div><\/div><\/div><\/div><\/div><div id=\"index-180878\" class=\"isotope-system isotope-general-light grid-general-light\" >\n\t\t\t\n\t\t\t\t\t\t\t\t\t\t\t\t\t\t<div class=\"isotope-wrapper grid-wrapper single-gutter\" >\t\t\t\t\t\t\t\t\t\t\t\t<div class=\"isotope-container grid-container isotope-layout style-metro isotope-infinite grid-infinite isotope-infinite-button grid-infinite-button\" data-type=\"metro\" data-layout=\"masonry\" data-lg=\"1000\" data-md=\"600\" data-sm=\"480\" data-vp-height=\"\">\t\t\t<div class=\"tmb atc-typography-inherit tmb-iso-w12 tmb-iso-h3 tmb-round tmb-light tmb-content-lateral-left tmb-content-vertical-middle tmb-content-size-6 tmb-content-lateral-responsive tmb-content-left tmb-content-mobile-center tmb-image-anim-magnetic  grid-cat-192 tmb-id-119047 tmb-content-lateral tmb-media-first\" ><div class=\"t-inside style-color-gyho-bg animate_when_almost_visible bottom-t-top\" data-delay=\"200\"><div class=\"t-entry-visual\"><div class=\"t-entry-visual-tc\"><div class=\"t-entry-visual-cont\"><a role=\"button\" tabindex=\"-1\" href=\"https:\/\/ambromeda.com\/hu\/post\/myth-off-volsunga-saga\/\" target=\"_self\" data-lb-index=\"0\"><div class=\"t-entry-visual-overlay\"><div class=\"t-entry-visual-overlay-in style-dark-bg\" style=\"opacity: 0.5;\"><\/div><\/div><div class=\"t-background-cover\" style=\"background-image:url('https:\/\/ambromeda.com\/wp-content\/uploads\/2026\/04\/083-20260414_210742.jpg')\"><\/div><\/a><\/div>\n\t\t\t\t\t<\/div>\n\t\t\t\t<\/div><div class=\"t-entry-text\">\n\t\t\t\t\t\t\t\t\t<div class=\"t-entry-text-tc no-block-padding\"><div class=\"t-entry\"><p class=\"t-entry-meta\"><span class=\"t-entry-date\">25 \u00e1prilis 2026<\/span><\/p><h3 class=\"t-entry-title font-762333 h2 fontspace-111509 title-scale\"><a href=\"https:\/\/ambromeda.com\/hu\/post\/myth-off-volsunga-saga\/\" target=\"_self\">V\u00f6lsunga Saga<\/a><\/h3><div class=\"t-entry-excerpt text-lead\"><p class=\"text-lead\">M\u00edtoszok csat\u00e1ja - 2026\n<\/p><\/div><div class=\"spacer spacer-one single-space\"><\/div><p class=\"t-entry-readmore btn-container\"><a href=\"https:\/\/ambromeda.com\/hu\/post\/myth-off-volsunga-saga\/\" class=\"btn btn-default btn-circle\" target=\"_self\">Read More<\/a><\/p><p class=\"t-entry-meta\"><span class=\"t-entry-category t-entry-category-192 t-entry-tax\"><i class=\"fa fa-archive2 fa-push-right\"><\/i><a href=\"https:\/\/ambromeda.com\/hu\/post\/category\/event\/\">Esem\u00e9ny<\/a><\/span><\/p><\/div><\/div>\n\t\t\t\t\t\t\t<\/div><\/div><\/div><div class=\"tmb atc-typography-inherit tmb-iso-w12 tmb-iso-h3 tmb-round tmb-light tmb-content-lateral-right tmb-content-vertical-middle tmb-content-size-6 tmb-content-lateral-responsive tmb-content-right tmb-content-mobile-center tmb-image-anim-magnetic  grid-cat-192 tmb-id-118747 tmb-content-lateral tmb-media-first\" ><div class=\"t-inside style-color-gyho-bg animate_when_almost_visible bottom-t-top\" data-delay=\"200\"><div class=\"t-entry-visual\"><div class=\"t-entry-visual-tc\"><div class=\"t-entry-visual-cont\"><a role=\"button\" tabindex=\"-1\" href=\"https:\/\/ambromeda.com\/hu\/post\/meta-kurzus-2026-april\/\" target=\"_self\" data-lb-index=\"1\"><div class=\"t-entry-visual-overlay\"><div class=\"t-entry-visual-overlay-in style-dark-bg\" style=\"opacity: 0.5;\"><\/div><\/div><div class=\"t-background-cover\" style=\"background-image:url('https:\/\/ambromeda.com\/wp-content\/uploads\/2026\/04\/015-20260419_113511.jpg')\"><\/div><\/a><\/div>\n\t\t\t\t\t<\/div>\n\t\t\t\t<\/div><div class=\"t-entry-text\">\n\t\t\t\t\t\t\t\t\t<div class=\"t-entry-text-tc no-block-padding\"><div class=\"t-entry\"><p class=\"t-entry-meta\"><span class=\"t-entry-date\">22 \u00e1prilis 2026<\/span><\/p><h3 class=\"t-entry-title font-762333 h2 fontspace-111509 title-scale\"><a href=\"https:\/\/ambromeda.com\/hu\/post\/meta-kurzus-2026-april\/\" target=\"_self\">M\u00e9ta Kurzus - 2026 \u00e1prilis<\/a><\/h3><div class=\"t-entry-excerpt text-lead\"><p class=\"text-lead\">Balatonbogl\u00e1r - 2026\n<\/p><\/div><div class=\"spacer spacer-one single-space\"><\/div><p class=\"t-entry-readmore btn-container\"><a href=\"https:\/\/ambromeda.com\/hu\/post\/meta-kurzus-2026-april\/\" class=\"btn btn-default btn-circle\" target=\"_self\">Read More<\/a><\/p><p class=\"t-entry-meta\"><span class=\"t-entry-category t-entry-category-192 t-entry-tax\"><i class=\"fa fa-archive2 fa-push-right\"><\/i><a href=\"https:\/\/ambromeda.com\/hu\/post\/category\/event\/\">Esem\u00e9ny<\/a><\/span><\/p><\/div><\/div>\n\t\t\t\t\t\t\t<\/div><\/div><\/div><div class=\"tmb atc-typography-inherit tmb-iso-w12 tmb-iso-h3 tmb-round tmb-light tmb-content-lateral-left tmb-content-vertical-middle tmb-content-size-6 tmb-content-lateral-responsive tmb-content-left tmb-content-mobile-center tmb-image-anim-magnetic  grid-cat-192 tmb-id-118971 tmb-content-lateral tmb-media-first\" ><div class=\"t-inside style-color-gyho-bg animate_when_almost_visible bottom-t-top\" data-delay=\"200\"><div class=\"t-entry-visual\"><div class=\"t-entry-visual-tc\"><div class=\"t-entry-visual-cont\"><a role=\"button\" tabindex=\"-1\" href=\"https:\/\/ambromeda.com\/hu\/post\/legradi-antal-xxix\/\" target=\"_self\" data-lb-index=\"2\"><div class=\"t-entry-visual-overlay\"><div class=\"t-entry-visual-overlay-in style-dark-bg\" style=\"opacity: 0.5;\"><\/div><\/div><div class=\"t-background-cover\" style=\"background-image:url('https:\/\/ambromeda.com\/wp-content\/uploads\/2026\/04\/035-20260321_203224.jpg')\"><\/div><\/a><\/div>\n\t\t\t\t\t<\/div>\n\t\t\t\t<\/div><div class=\"t-entry-text\">\n\t\t\t\t\t\t\t\t\t<div class=\"t-entry-text-tc no-block-padding\"><div class=\"t-entry\"><p class=\"t-entry-meta\"><span class=\"t-entry-date\">22 m\u00e1rcius 2026<\/span><\/p><h3 class=\"t-entry-title font-762333 h2 fontspace-111509 title-scale\"><a href=\"https:\/\/ambromeda.com\/hu\/post\/legradi-antal-xxix\/\" target=\"_self\">L\u00e9gr\u00e1di Antal &#8211; XXIX.<\/a><\/h3><div class=\"t-entry-excerpt text-lead\"><p class=\"text-lead\">Zenei tehets\u00e9gkutat\u00f3 - 2026\n<\/p><\/div><div class=\"spacer spacer-one single-space\"><\/div><p class=\"t-entry-readmore btn-container\"><a href=\"https:\/\/ambromeda.com\/hu\/post\/legradi-antal-xxix\/\" class=\"btn btn-default btn-circle\" target=\"_self\">Read More<\/a><\/p><p class=\"t-entry-meta\"><span class=\"t-entry-category t-entry-category-192 t-entry-tax\"><i class=\"fa fa-archive2 fa-push-right\"><\/i><a href=\"https:\/\/ambromeda.com\/hu\/post\/category\/event\/\">Esem\u00e9ny<\/a><\/span><\/p><\/div><\/div>\n\t\t\t\t\t\t\t<\/div><\/div><\/div><div class=\"tmb atc-typography-inherit tmb-iso-w12 tmb-iso-h3 tmb-round tmb-light tmb-content-lateral-right tmb-content-vertical-middle tmb-content-size-6 tmb-content-lateral-responsive tmb-content-right tmb-content-mobile-center tmb-image-anim-magnetic  grid-cat-192 tmb-id-118923 tmb-content-lateral tmb-media-first\" ><div class=\"t-inside style-color-gyho-bg animate_when_almost_visible bottom-t-top\" data-delay=\"200\"><div class=\"t-entry-visual\"><div class=\"t-entry-visual-tc\"><div class=\"t-entry-visual-cont\"><a role=\"button\" tabindex=\"-1\" href=\"https:\/\/ambromeda.com\/hu\/post\/magic-of-the-ball\/\" target=\"_self\" data-lb-index=\"3\"><div class=\"t-entry-visual-overlay\"><div class=\"t-entry-visual-overlay-in style-dark-bg\" style=\"opacity: 0.5;\"><\/div><\/div><div class=\"t-background-cover\" style=\"background-image:url('https:\/\/ambromeda.com\/wp-content\/uploads\/2026\/04\/069-20260228_193237.jpg')\"><\/div><\/a><\/div>\n\t\t\t\t\t<\/div>\n\t\t\t\t<\/div><div class=\"t-entry-text\">\n\t\t\t\t\t\t\t\t\t<div class=\"t-entry-text-tc no-block-padding\"><div class=\"t-entry\"><p class=\"t-entry-meta\"><span class=\"t-entry-date\">28 febru\u00e1r 2026<\/span><\/p><h3 class=\"t-entry-title font-762333 h2 fontspace-111509 title-scale\"><a href=\"https:\/\/ambromeda.com\/hu\/post\/magic-of-the-ball\/\" target=\"_self\">B\u00e1li var\u00e1zs<\/a><\/h3><div class=\"t-entry-excerpt text-lead\"><p class=\"text-lead\">R\u00e1koscsabai K\u00f6z\u00f6ss\u00e9gi H\u00e1z 2025\n<\/p><\/div><div class=\"spacer spacer-one single-space\"><\/div><p class=\"t-entry-readmore btn-container\"><a href=\"https:\/\/ambromeda.com\/hu\/post\/magic-of-the-ball\/\" class=\"btn btn-default btn-circle\" target=\"_self\">Read More<\/a><\/p><p class=\"t-entry-meta\"><span class=\"t-entry-category t-entry-category-192 t-entry-tax\"><i class=\"fa fa-archive2 fa-push-right\"><\/i><a href=\"https:\/\/ambromeda.com\/hu\/post\/category\/event\/\">Esem\u00e9ny<\/a><\/span><\/p><\/div><\/div>\n\t\t\t\t\t\t\t<\/div><\/div><\/div><div class=\"tmb atc-typography-inherit tmb-iso-w12 tmb-iso-h3 tmb-round tmb-light tmb-content-lateral-left tmb-content-vertical-middle tmb-content-size-6 tmb-content-lateral-responsive tmb-content-left tmb-content-mobile-center tmb-image-anim-magnetic  grid-cat-192 tmb-id-118885 tmb-content-lateral tmb-media-first\" ><div class=\"t-inside style-color-gyho-bg animate_when_almost_visible bottom-t-top\" data-delay=\"200\"><div class=\"t-entry-visual\"><div class=\"t-entry-visual-tc\"><div class=\"t-entry-visual-cont\"><a role=\"button\" tabindex=\"-1\" href=\"https:\/\/ambromeda.com\/hu\/post\/myth-off-feb-2026\/\" target=\"_self\" data-lb-index=\"4\"><div class=\"t-entry-visual-overlay\"><div class=\"t-entry-visual-overlay-in style-dark-bg\" style=\"opacity: 0.5;\"><\/div><\/div><div class=\"t-background-cover\" style=\"background-image:url('https:\/\/ambromeda.com\/wp-content\/uploads\/2026\/04\/090_20260212_201518.jpg')\"><\/div><\/a><\/div>\n\t\t\t\t\t<\/div>\n\t\t\t\t<\/div><div class=\"t-entry-text\">\n\t\t\t\t\t\t\t\t\t<div class=\"t-entry-text-tc no-block-padding\"><div class=\"t-entry\"><p class=\"t-entry-meta\"><span class=\"t-entry-date\">12 febru\u00e1r 2026<\/span><\/p><h3 class=\"t-entry-title font-762333 h2 fontspace-111509 title-scale\"><a href=\"https:\/\/ambromeda.com\/hu\/post\/myth-off-feb-2026\/\" target=\"_self\">Myth-Off \u2013 Valentin nap<\/a><\/h3><div class=\"t-entry-excerpt text-lead\"><p class=\"text-lead\">M\u00edtoszok csat\u00e1ja - 2026\n<\/p><\/div><div class=\"spacer spacer-one single-space\"><\/div><p class=\"t-entry-readmore btn-container\"><a href=\"https:\/\/ambromeda.com\/hu\/post\/myth-off-feb-2026\/\" class=\"btn btn-default btn-circle\" target=\"_self\">Read More<\/a><\/p><p class=\"t-entry-meta\"><span class=\"t-entry-category t-entry-category-192 t-entry-tax\"><i class=\"fa fa-archive2 fa-push-right\"><\/i><a href=\"https:\/\/ambromeda.com\/hu\/post\/category\/event\/\">Esem\u00e9ny<\/a><\/span><\/p><\/div><\/div>\n\t\t\t\t\t\t\t<\/div><\/div><\/div><div class=\"tmb atc-typography-inherit tmb-iso-w12 tmb-iso-h3 tmb-round tmb-light tmb-content-lateral-right tmb-content-vertical-middle tmb-content-size-6 tmb-content-lateral-responsive tmb-content-right tmb-content-mobile-center tmb-image-anim-magnetic  grid-cat-192 tmb-id-118802 tmb-content-lateral tmb-media-first\" ><div class=\"t-inside style-color-gyho-bg animate_when_almost_visible bottom-t-top\" data-delay=\"200\"><div class=\"t-entry-visual\"><div class=\"t-entry-visual-tc\"><div class=\"t-entry-visual-cont\"><a role=\"button\" tabindex=\"-1\" href=\"https:\/\/ambromeda.com\/hu\/post\/vilagszarnya-meeting\/\" target=\"_self\" data-lb-index=\"5\"><div class=\"t-entry-visual-overlay\"><div class=\"t-entry-visual-overlay-in style-dark-bg\" style=\"opacity: 0.5;\"><\/div><\/div><div class=\"t-background-cover\" style=\"background-image:url('https:\/\/ambromeda.com\/wp-content\/uploads\/2026\/04\/084_20260124_130429.jpg')\"><\/div><\/a><\/div>\n\t\t\t\t\t<\/div>\n\t\t\t\t<\/div><div class=\"t-entry-text\">\n\t\t\t\t\t\t\t\t\t<div class=\"t-entry-text-tc no-block-padding\"><div class=\"t-entry\"><p class=\"t-entry-meta\"><span class=\"t-entry-date\">25 janu\u00e1r 2026<\/span><\/p><h3 class=\"t-entry-title font-762333 h2 fontspace-111509 title-scale\"><a href=\"https:\/\/ambromeda.com\/hu\/post\/vilagszarnya-meeting\/\" target=\"_self\">Vil\u00e1gsz\u00e1rnya tal\u00e1lkoz\u00f3<\/a><\/h3><div class=\"t-entry-excerpt text-lead\"><p class=\"text-lead\">Dobog\u00f3k\u0151 - 2026\n<\/p><\/div><div class=\"spacer spacer-one single-space\"><\/div><p class=\"t-entry-readmore btn-container\"><a href=\"https:\/\/ambromeda.com\/hu\/post\/vilagszarnya-meeting\/\" class=\"btn btn-default btn-circle\" target=\"_self\">Read More<\/a><\/p><p class=\"t-entry-meta\"><span class=\"t-entry-category t-entry-category-192 t-entry-tax\"><i class=\"fa fa-archive2 fa-push-right\"><\/i><a href=\"https:\/\/ambromeda.com\/hu\/post\/category\/event\/\">Esem\u00e9ny<\/a><\/span><\/p><\/div><\/div>\n\t\t\t\t\t\t\t<\/div><\/div><\/div><div class=\"tmb atc-typography-inherit tmb-iso-w12 tmb-iso-h3 tmb-round tmb-light tmb-content-lateral-left tmb-content-vertical-middle tmb-content-size-6 tmb-content-lateral-responsive tmb-content-left tmb-content-mobile-center tmb-image-anim-magnetic  grid-cat-192 tmb-id-118726 tmb-content-lateral tmb-media-first\" ><div class=\"t-inside style-color-gyho-bg animate_when_almost_visible bottom-t-top\" data-delay=\"200\"><div class=\"t-entry-visual\"><div class=\"t-entry-visual-tc\"><div class=\"t-entry-visual-cont\"><a role=\"button\" tabindex=\"-1\" href=\"https:\/\/ambromeda.com\/hu\/post\/haveri-kor-extra\/\" target=\"_self\" data-lb-index=\"6\"><div class=\"t-entry-visual-overlay\"><div class=\"t-entry-visual-overlay-in style-dark-bg\" style=\"opacity: 0.5;\"><\/div><\/div><div class=\"t-background-cover\" style=\"background-image:url('https:\/\/ambromeda.com\/wp-content\/uploads\/2026\/04\/01_005_20251017_195003.jpg')\"><\/div><\/a><\/div>\n\t\t\t\t\t<\/div>\n\t\t\t\t<\/div><div class=\"t-entry-text\">\n\t\t\t\t\t\t\t\t\t<div class=\"t-entry-text-tc no-block-padding\"><div class=\"t-entry\"><p class=\"t-entry-meta\"><span class=\"t-entry-date\">17 okt\u00f3ber 2025<\/span><\/p><h3 class=\"t-entry-title font-762333 h2 fontspace-111509 title-scale\"><a href=\"https:\/\/ambromeda.com\/hu\/post\/haveri-kor-extra\/\" target=\"_self\">Haveri K\u00f6r Extra<\/a><\/h3><div class=\"t-entry-excerpt text-lead\"><p class=\"text-lead\">Budapest 2025\n<\/p><\/div><div class=\"spacer spacer-one single-space\"><\/div><p class=\"t-entry-readmore btn-container\"><a href=\"https:\/\/ambromeda.com\/hu\/post\/haveri-kor-extra\/\" class=\"btn btn-default btn-circle\" target=\"_self\">Read More<\/a><\/p><p class=\"t-entry-meta\"><span class=\"t-entry-category t-entry-category-192 t-entry-tax\"><i class=\"fa fa-archive2 fa-push-right\"><\/i><a href=\"https:\/\/ambromeda.com\/hu\/post\/category\/event\/\">Esem\u00e9ny<\/a><\/span><\/p><\/div><\/div>\n\t\t\t\t\t\t\t<\/div><\/div><\/div><div class=\"tmb atc-typography-inherit tmb-iso-w12 tmb-iso-h3 tmb-round tmb-light tmb-content-lateral-right tmb-content-vertical-middle tmb-content-size-6 tmb-content-lateral-responsive tmb-content-right tmb-content-mobile-center tmb-image-anim-magnetic  grid-cat-192 tmb-id-118683 tmb-content-lateral tmb-media-first\" ><div class=\"t-inside style-color-gyho-bg animate_when_almost_visible bottom-t-top\" data-delay=\"200\"><div class=\"t-entry-visual\"><div class=\"t-entry-visual-tc\"><div class=\"t-entry-visual-cont\"><a role=\"button\" tabindex=\"-1\" href=\"https:\/\/ambromeda.com\/hu\/post\/zentart3\/\" target=\"_self\" data-lb-index=\"7\"><div class=\"t-entry-visual-overlay\"><div class=\"t-entry-visual-overlay-in style-dark-bg\" style=\"opacity: 0.5;\"><\/div><\/div><div class=\"t-background-cover\" style=\"background-image:url('https:\/\/ambromeda.com\/wp-content\/uploads\/2026\/04\/084_20250913_142316.jpg')\"><\/div><\/a><\/div>\n\t\t\t\t\t<\/div>\n\t\t\t\t<\/div><div class=\"t-entry-text\">\n\t\t\t\t\t\t\t\t\t<div class=\"t-entry-text-tc no-block-padding\"><div class=\"t-entry\"><p class=\"t-entry-meta\"><span class=\"t-entry-date\">13 szeptember 2025<\/span><\/p><h3 class=\"t-entry-title font-762333 h2 fontspace-111509 title-scale\"><a href=\"https:\/\/ambromeda.com\/hu\/post\/zentart3\/\" target=\"_self\">Zentart III.<\/a><\/h3><div class=\"t-entry-excerpt text-lead\"><p class=\"text-lead\">Zenta - 2025\n<\/p><\/div><div class=\"spacer spacer-one single-space\"><\/div><p class=\"t-entry-readmore btn-container\"><a href=\"https:\/\/ambromeda.com\/hu\/post\/zentart3\/\" class=\"btn btn-default btn-circle\" target=\"_self\">Read More<\/a><\/p><p class=\"t-entry-meta\"><span class=\"t-entry-category t-entry-category-192 t-entry-tax\"><i class=\"fa fa-archive2 fa-push-right\"><\/i><a href=\"https:\/\/ambromeda.com\/hu\/post\/category\/event\/\">Esem\u00e9ny<\/a><\/span><\/p><\/div><\/div>\n\t\t\t\t\t\t\t<\/div><\/div><\/div>\t\t<\/div>\t\n\t\n\n\t<\/div>\t\t\t<div class=\"isotope-footer grid-footer style-light without-bg single-gutter\">\n\t\t\t\t\t\t\t<div class=\"isotope-footer-inner grid-footer-inner text-center\">\n\t\t\t\t\t<nav class=\"loadmore-button\">\n\t\t\t\t\t\t<a data-page=\"2\" data-pages=\"7\" href=\"https:\/\/ambromeda.com\/hu\/wp-json\/wp\/v2\/pages\/89024\/?upage=2\" class=\"btn btn-default btn-outline\" data-label=\"Mutass t\u00f6bbet\"><span>Mutass t\u00f6bbet<\/span><\/a>\t\t\t\t\t<\/nav>\n\t\t\t\t<\/div>\n\t\t\t\t\t<\/div>\n\t\t\t\t<\/div>\n<\/div><\/div><\/div><\/div><\/div><script id=\"script-row-unique-0\" data-row=\"script-row-unique-0\" type=\"text\/javascript\" class=\"vc_controls\">UNCODE.initRow(document.getElementById(\"row-unique-0\"));<\/script><\/div><\/div><\/div>\n<\/div>","protected":false},"excerpt":{"rendered":"<p>Enjoy the lateral thumb layout with fully customisable design.<\/p>","protected":false},"author":2,"featured_media":0,"parent":0,"menu_order":0,"comment_status":"open","ping_status":"closed","template":"","meta":{"_monsterinsights_skip_tracking":false,"_monsterinsights_sitenote_active":false,"_monsterinsights_sitenote_note":"","_monsterinsights_sitenote_category":0,"footnotes":""},"class_list":["post-89024","page","type-page","status-publish","hentry","page_category-demo-blog","page_category-levente"],"_links":{"self":[{"href":"https:\/\/ambromeda.com\/hu\/wp-json\/wp\/v2\/pages\/89024","targetHints":{"allow":["GET"]}}],"collection":[{"href":"https:\/\/ambromeda.com\/hu\/wp-json\/wp\/v2\/pages"}],"about":[{"href":"https:\/\/ambromeda.com\/hu\/wp-json\/wp\/v2\/types\/page"}],"author":[{"embeddable":true,"href":"https:\/\/ambromeda.com\/hu\/wp-json\/wp\/v2\/users\/2"}],"replies":[{"embeddable":true,"href":"https:\/\/ambromeda.com\/hu\/wp-json\/wp\/v2\/comments?post=89024"}],"version-history":[{"count":5,"href":"https:\/\/ambromeda.com\/hu\/wp-json\/wp\/v2\/pages\/89024\/revisions"}],"predecessor-version":[{"id":118969,"href":"https:\/\/ambromeda.com\/hu\/wp-json\/wp\/v2\/pages\/89024\/revisions\/118969"}],"wp:attachment":[{"href":"https:\/\/ambromeda.com\/hu\/wp-json\/wp\/v2\/media?parent=89024"}],"curies":[{"name":"wp","href":"https:\/\/api.w.org\/{rel}","templated":true}]}}