{"id":7,"date":"2020-04-12T12:19:29","date_gmt":"2020-04-12T10:19:29","guid":{"rendered":"https:\/\/ambromeda.com\/?page_id=7"},"modified":"2024-10-27T12:36:35","modified_gmt":"2024-10-27T11:36:35","slug":"about","status":"publish","type":"page","link":"https:\/\/ambromeda.com\/hu\/about\/","title":{"rendered":"Magamr\u00f3l"},"content":{"rendered":"<div class=\"wpb-content-wrapper\"><div data-parent=\"true\" class=\"vc_row row-container with-kburns has-dividers\" id=\"row-unique-0\"><div class=\"row-background background-element\">\n\t\t\t\t\t\t\t\t\t\t\t<div class=\"background-wrapper\">\n\t\t\t\t\t\t\t\t\t\t\t\t<div class=\"background-inner\" style=\"background-image: url(https:\/\/ambromeda.com\/wp-content\/uploads\/2020\/04\/20200127-172600.jpg);background-repeat: no-repeat;background-position: center center;background-attachment: scroll;background-size: cover;\"><\/div>\n\t\t\t\t\t\t\t\t\t\t\t\t<div class=\"block-bg-overlay style-accent-bg\" style=\"opacity: 0.85;\"><\/div>\n\t\t\t\t\t\t\t\t\t\t\t<\/div>\n\t\t\t\t\t\t\t\t\t\t<\/div><div class=\"uncode-divider-wrap uncode-divider-wrap-top z_index_0\" style=\"height: 150px;\" data-height=\"150\" data-unit=\"px\"><svg version=\"1.1\" class=\"uncode-row-divider uncode-row-divider-gradient\" x=\"0px\" y=\"0px\" width=\"240px\" height=\"24px\" viewbox=\"0 0 240 24\" enable-background=\"new 0 0 240 24\" xml:space=\"preserve\" preserveaspectratio=\"none\">\n\t\t<lineargradient id=\"svg-gradient-369609\" gradientunits=\"userSpaceOnUse\" x1=\"119.9995\" y1=\"0\" x2=\"119.9995\" y2=\"24.0005\">\n\t\t\t<stop  offset=\"0\" style=\"stop-color:#000000;stop-opacity:0\"\/>\n\t\t\t<stop  offset=\"1\" style=\"stop-color:#000000\"\/>\n\t\t<\/lineargradient>\n\t\t<path fill=\"url(#svg-gradient-369609)\" d=\"M240,24V0H0v24H240z\"\/>\n\t\t<\/svg><\/div><div class=\"uncode-divider-wrap uncode-divider-wrap-bottom z_index_0 uncode-row-divider-invert\" style=\"height: 150px;\" data-height=\"150\" data-unit=\"px\"><svg version=\"1.1\" class=\"uncode-row-divider uncode-row-divider-curve\" x=\"0px\" y=\"0px\" width=\"240px\" height=\"24px\" viewbox=\"0 0 240 24\" enable-background=\"new 0 0 240 24\" xml:space=\"preserve\" preserveaspectratio=\"none\">\n\t\t<path fill=\"#fff9ef\" d=\"M0,0v24L240,0H0z\"\/>\n\t\t<\/svg><\/div><div class=\"row single-top-padding no-bottom-padding penta-h-padding limit-width row-parent\" data-height-ratio=\"45\"><div class=\"wpb_row row-inner\"><div class=\"wpb_column pos-bottom pos-center align_left column_parent col-lg-12 half-internal-gutter\"><div class=\"uncol style-spec style-dark\"  ><div class=\"uncoltable\"><div class=\"uncell no-block-padding\" ><div class=\"uncont\" ><div class=\"empty-space empty-half\" ><span class=\"empty-space-inner\"><\/span><\/div>\n<div class=\"vc_custom_heading_wrap\"><div class=\"heading-text el-text\" ><h1 class=\"font-762333 fontsize-150163 text-color-xsdn-color\" ><span>\u00dcDV\u00d6ZL\u00d6M, NEVEM<\/span><\/h1><\/div><div class=\"clear\"><\/div><\/div><div class=\"vc_custom_heading_wrap\"><div class=\"heading-text el-text\" ><h1 class=\"font-762333 fontsize-338686 fontheight-179065 font-weight-700 text-color-xsdn-color\" ><span>Ambrus Levente<\/span><\/h1><\/div><div class=\"clear\"><\/div><\/div><div class=\"empty-space empty-quad\" ><span class=\"empty-space-inner\"><\/span><\/div>\n<\/div><\/div><\/div><\/div><\/div><script id=\"script-row-unique-0\" data-row=\"script-row-unique-0\" type=\"text\/javascript\" class=\"vc_controls\">UNCODE.initRow(document.getElementById(\"row-unique-0\"));<\/script><\/div><\/div><\/div><div data-parent=\"true\" class=\"vc_row limit-width row-container\" id=\"row-unique-1\"><div class=\"row unequal col-no-gutter double-top-padding double-bottom-padding single-h-padding row-parent\"><div class=\"wpb_row row-inner\"><div class=\"wpb_column pos-top pos-center align_left column_parent col-lg-6 inverted-device-order col-md-50 single-internal-gutter\"><div class=\"uncol style-light\"  ><div class=\"uncoltable\"><div class=\"uncell no-block-padding\" ><div class=\"uncont\" ><div class=\"uncode-single-media  text-center animate_when_almost_visible right-t-left\" data-speed=\"500\"><div class=\"single-wrapper\" style=\"max-width: 75%;\"><div class=\"tmb tmb-light  img-round img-round-std tmb-shadowed tmb-shadowed-darker-std tmb-img-ratio tmb-media-first tmb-media-last tmb-content-overlay tmb-no-bg\"><div class=\"t-inside\"><div class=\"t-entry-visual\"><div class=\"t-entry-visual-tc\"><div class=\"uncode-single-media-wrapper img-round img-round-std\"><div class=\"dummy\" style=\"padding-top: 100%;\"><\/div><img decoding=\"async\" class=\"wp-image-152\" src=\"https:\/\/ambromeda.com\/wp-content\/uploads\/2020\/04\/67766155_2384863004893226_3968024043147231232_o.jpg\" width=\"2048\" height=\"2048\" alt=\"levente\" srcset=\"https:\/\/ambromeda.com\/wp-content\/uploads\/2020\/04\/67766155_2384863004893226_3968024043147231232_o.jpg 2048w, https:\/\/ambromeda.com\/wp-content\/uploads\/2020\/04\/67766155_2384863004893226_3968024043147231232_o-300x300.jpg 300w, https:\/\/ambromeda.com\/wp-content\/uploads\/2020\/04\/67766155_2384863004893226_3968024043147231232_o-100x100.jpg 100w, https:\/\/ambromeda.com\/wp-content\/uploads\/2020\/04\/67766155_2384863004893226_3968024043147231232_o-600x600.jpg 600w, https:\/\/ambromeda.com\/wp-content\/uploads\/2020\/04\/67766155_2384863004893226_3968024043147231232_o-1024x1024.jpg 1024w, https:\/\/ambromeda.com\/wp-content\/uploads\/2020\/04\/67766155_2384863004893226_3968024043147231232_o-150x150.jpg 150w, https:\/\/ambromeda.com\/wp-content\/uploads\/2020\/04\/67766155_2384863004893226_3968024043147231232_o-768x768.jpg 768w, https:\/\/ambromeda.com\/wp-content\/uploads\/2020\/04\/67766155_2384863004893226_3968024043147231232_o-1536x1536.jpg 1536w, https:\/\/ambromeda.com\/wp-content\/uploads\/2020\/04\/67766155_2384863004893226_3968024043147231232_o-uai-1032x1032.jpg 1032w, https:\/\/ambromeda.com\/wp-content\/uploads\/2020\/04\/67766155_2384863004893226_3968024043147231232_o-uai-720x720.jpg 720w, https:\/\/ambromeda.com\/wp-content\/uploads\/2020\/04\/67766155_2384863004893226_3968024043147231232_o-uai-258x258.jpg 258w, https:\/\/ambromeda.com\/wp-content\/uploads\/2020\/04\/67766155_2384863004893226_3968024043147231232_o-uai-1440x1440.jpg 1440w, https:\/\/ambromeda.com\/wp-content\/uploads\/2020\/04\/67766155_2384863004893226_3968024043147231232_o-uai-516x516.jpg 516w\" sizes=\"(max-width: 2048px) 100vw, 2048px\" \/><\/div>\n\t\t\t\t\t<\/div>\n\t\t\t\t<\/div><\/div><\/div><\/div><\/div><\/div><\/div><\/div><\/div><\/div><div class=\"wpb_column pos-middle pos-left align_left column_parent col-lg-6 col-md-50 single-internal-gutter\"><div class=\"uncol style-light\"  ><div class=\"uncoltable\"><div class=\"uncell no-block-padding\" ><div class=\"uncont\" ><div class=\"vc_custom_heading_wrap\"><div class=\"heading-text el-text\" ><h5 class=\"font-202503 fontheight-357766 font-weight-500 text-color-wvjs-color\" ><i><span>On lazy days I get my camera and go for a walk. I&#8217;m confident that I will find plenty of subjects to take pictures of. There is always one, every moment, just for a moment. In fact the entire world consists of piles of pictures, it just takes an observer to collect them before time carries them away forever.<\/p><\/span><span><p>&nbsp;<\/p><\/span><span><p>N\u00e9ha vagyok annyira szerencs\u00e9s, hogy \u00e9n lehetek a megfigyel\u0151. Ezek az igaz\u00e1n j\u00f3 napok!<\/span><\/i><\/h5><\/div><div class=\"clear\"><\/div><\/div><div class=\"divider-wrapper\"  >\n    <hr class=\"unseparator border-,Default-color separator-no-padding\"  \/>\n<\/div>\n<span class=\"btn-container\" ><a role=\"button\"  href=\"..\/contact\" class=\"custom-link btn btn-sm border-width-0 btn-accent btn-icon-left\" target=\"_blank\">\u00dczenjen<\/a><\/span><\/div><\/div><\/div><\/div><\/div><script id=\"script-row-unique-1\" data-row=\"script-row-unique-1\" type=\"text\/javascript\" class=\"vc_controls\">UNCODE.initRow(document.getElementById(\"row-unique-1\"));<\/script><\/div><\/div><\/div><div data-parent=\"true\" class=\"vc_row limit-width row-container\" id=\"row-unique-3\"><div class=\"row unequal col-no-gutter single-top-padding no-bottom-padding single-h-padding row-parent\"><div class=\"wpb_row row-inner\"><div class=\"wpb_column pos-top pos-center align_left column_parent col-lg-12 inverted-device-order col-md-50 single-internal-gutter\"><div class=\"uncol style-light\"  ><div class=\"uncoltable\"><div class=\"uncell no-block-padding\" ><div class=\"uncont\" ><div class=\"vc_custom_heading_wrap\"><div class=\"heading-text el-text\" ><h2 class=\"font-762333 h3\" ><span>Legut\u00f3bbi Instagram bejegyz\u00e9seim<\/span><\/h2><\/div><div class=\"clear\"><\/div><\/div><\/div><\/div><\/div><\/div><\/div><script id=\"script-row-unique-3\" data-row=\"script-row-unique-3\" type=\"text\/javascript\" class=\"vc_controls\">UNCODE.initRow(document.getElementById(\"row-unique-3\"));<\/script><\/div><\/div><\/div><div data-parent=\"true\" class=\"vc_row row-container\" id=\"row-unique-4\"><div class=\"row col-no-gutter no-top-padding single-bottom-padding no-h-padding full-width row-parent\" style=\"max-width:2700px; margin-left:auto; margin-right:auto;\"><div class=\"wpb_row row-inner\"><div class=\"wpb_column pos-top pos-center align_left column_parent col-lg-12 single-internal-gutter\"><div class=\"uncol style-light\"  ><div class=\"uncoltable\"><div class=\"uncell no-block-padding\" ><div class=\"uncont\" ><div class=\"uncode_text_column\" ><style type=\"text\/css\">\n<\/style>\n<\/div><\/div><\/div><\/div><\/div><\/div><script id=\"script-row-unique-4\" data-row=\"script-row-unique-4\" type=\"text\/javascript\" class=\"vc_controls\">UNCODE.initRow(document.getElementById(\"row-unique-4\"));<\/script><\/div><\/div><\/div>\n<\/div>","protected":false},"excerpt":{"rendered":"HELLO THERE, I AMLevente Ambrus On lazy days I get my camera and go for a walk. I'm confident that [...]","protected":false},"author":2,"featured_media":0,"parent":0,"menu_order":0,"comment_status":"closed","ping_status":"closed","template":"","meta":{"_monsterinsights_skip_tracking":false,"_monsterinsights_sitenote_active":false,"_monsterinsights_sitenote_note":"","_monsterinsights_sitenote_category":0,"footnotes":""},"class_list":["post-7","page","type-page","status-publish","hentry","page_category-levente"],"_links":{"self":[{"href":"https:\/\/ambromeda.com\/hu\/wp-json\/wp\/v2\/pages\/7","targetHints":{"allow":["GET"]}}],"collection":[{"href":"https:\/\/ambromeda.com\/hu\/wp-json\/wp\/v2\/pages"}],"about":[{"href":"https:\/\/ambromeda.com\/hu\/wp-json\/wp\/v2\/types\/page"}],"author":[{"embeddable":true,"href":"https:\/\/ambromeda.com\/hu\/wp-json\/wp\/v2\/users\/2"}],"replies":[{"embeddable":true,"href":"https:\/\/ambromeda.com\/hu\/wp-json\/wp\/v2\/comments?post=7"}],"version-history":[{"count":0,"href":"https:\/\/ambromeda.com\/hu\/wp-json\/wp\/v2\/pages\/7\/revisions"}],"wp:attachment":[{"href":"https:\/\/ambromeda.com\/hu\/wp-json\/wp\/v2\/media?parent=7"}],"curies":[{"name":"wp","href":"https:\/\/api.w.org\/{rel}","templated":true}]}}