{"id":250,"date":"2020-04-18T16:39:36","date_gmt":"2020-04-18T14:39:36","guid":{"rendered":"https:\/\/ambromeda.com\/?page_id=250"},"modified":"2025-04-15T16:15:23","modified_gmt":"2025-04-15T14:15:23","slug":"galleries","status":"publish","type":"page","link":"https:\/\/ambromeda.com\/hu\/galleries\/","title":{"rendered":"Gal\u00e9ri\u00e1k"},"content":{"rendered":"<div class=\"wpb-content-wrapper\"><div data-parent=\"true\" class=\"vc_row row-container\" id=\"row-unique-0\"><div class=\"row quad-top-padding quad-bottom-padding single-h-padding limit-width row-parent\"><div class=\"wpb_row row-inner\"><div class=\"wpb_column pos-top pos-center align_left column_parent col-lg-12 single-internal-gutter\"><div class=\"uncol style-light\"  ><div class=\"uncoltable\"><div class=\"uncell no-block-padding\" ><div class=\"uncont\" ><div id=\"index-781286\" class=\"isotope-system isotope-general-light grid-general-light\" >\n\t\t\t\n\t\t\t\t\t\t\t\t\t\t\t\t\t\t<div class=\"isotope-wrapper grid-wrapper single-gutter\" >\t\t\t\t\t\t\t\t\t\t\t\t<div class=\"isotope-container grid-container isotope-layout style-masonry isotope-infinite grid-infinite\" data-type=\"masonry\" data-layout=\"packery\" data-lg=\"1000\" data-md=\"600\" data-sm=\"480\" data-vp-height=\"\">\t\t\t<div class=\"tmb atc-typography-inherit tmb-iso-w4 tmb-iso-h4 img-round img-round-xs tmb-light tmb-text-showed tmb-overlay-anim tmb-overlay-middle tmb-overlay-text-center tmb-text-space-reduced tmb-image-color-anim tmb-image-anim tmb-show-secondary tmb-shadowed tmb-shadowed-std tmb-entry-title-capitalize  tmb-id-92348 tmb-media-first tmb-media-last tmb-content-overlay tmb-no-bg\" ><div class=\"t-inside animate_when_almost_visible zoom-in\" data-delay=\"200\" data-speed=\"1000\"><div class=\"t-entry-visual\"><div class=\"t-entry-visual-tc\"><div class=\"t-entry-visual-cont\"><div class=\"dummy secondary-dummy-image\" style=\"padding-top: 66.7%;background-image:url(https:\/\/ambromeda.com\/wp-content\/uploads\/2023\/06\/4_20230513_162800.jpg);\"><\/div><a href=\"https:\/\/ambromeda.com\/hu\/portfolio\/wedding\/\"  class=\"pushed\" target=\"_self\" data-lb-index=\"0\"><div class=\"t-entry-visual-overlay\"><div class=\"t-entry-visual-overlay-in style-color-vyce-bg\" style=\"opacity: 0.4;\"><\/div><\/div><div class=\"t-overlay-wrap\"><div class=\"t-overlay-inner\">\n\t\t\t\t\t\t\t\t\t\t\t\t\t\t<div class=\"t-overlay-content\">\n\t\t\t\t\t\t\t\t\t\t\t\t\t\t\t<div class=\"t-overlay-text double-block-padding\"><div class=\"t-entry\"><h3 class=\"t-entry-title h1 title-scale\">ESK\u00dcV\u0150<\/h3><\/div><\/div><\/div><\/div><\/div><img decoding=\"async\" class=\"has-secondary-featured-image wp-image-92321\" src=\"https:\/\/ambromeda.com\/wp-content\/uploads\/2023\/06\/3_20230513_144304.jpg\" width=\"1500\" height=\"1000\" alt=\"\" srcset=\"https:\/\/ambromeda.com\/wp-content\/uploads\/2023\/06\/3_20230513_144304.jpg 1500w, https:\/\/ambromeda.com\/wp-content\/uploads\/2023\/06\/3_20230513_144304-300x200.jpg 300w, https:\/\/ambromeda.com\/wp-content\/uploads\/2023\/06\/3_20230513_144304-1024x683.jpg 1024w, https:\/\/ambromeda.com\/wp-content\/uploads\/2023\/06\/3_20230513_144304-768x512.jpg 768w, https:\/\/ambromeda.com\/wp-content\/uploads\/2023\/06\/3_20230513_144304-18x12.jpg 18w, https:\/\/ambromeda.com\/wp-content\/uploads\/2023\/06\/3_20230513_144304-350x233.jpg 350w, https:\/\/ambromeda.com\/wp-content\/uploads\/2023\/06\/3_20230513_144304-600x400.jpg 600w, https:\/\/ambromeda.com\/wp-content\/uploads\/2023\/06\/3_20230513_144304-uai-516x344.jpg 516w, https:\/\/ambromeda.com\/wp-content\/uploads\/2023\/06\/3_20230513_144304-uai-258x172.jpg 258w, https:\/\/ambromeda.com\/wp-content\/uploads\/2023\/06\/3_20230513_144304-uai-720x480.jpg 720w, https:\/\/ambromeda.com\/wp-content\/uploads\/2023\/06\/3_20230513_144304-uai-1440x960.jpg 1440w, https:\/\/ambromeda.com\/wp-content\/uploads\/2023\/06\/3_20230513_144304-uai-1032x688.jpg 1032w\" sizes=\"(max-width: 1500px) 100vw, 1500px\" \/><\/a><\/div>\n\t\t\t\t\t<\/div>\n\t\t\t\t<\/div><\/div><\/div><div class=\"tmb atc-typography-inherit tmb-iso-w4 tmb-iso-h6 img-round img-round-xs tmb-light tmb-text-showed tmb-overlay-anim tmb-overlay-middle tmb-overlay-text-center tmb-text-space-reduced tmb-image-color-anim tmb-image-anim tmb-show-secondary tmb-shadowed tmb-shadowed-std tmb-entry-title-capitalize  tmb-id-804 tmb-media-first tmb-media-last tmb-content-overlay tmb-no-bg\" ><div class=\"t-inside animate_when_almost_visible zoom-in\" data-delay=\"200\" data-speed=\"1000\"><div class=\"t-entry-visual\"><div class=\"t-entry-visual-tc\"><div class=\"t-entry-visual-cont\"><div class=\"dummy secondary-dummy-image\" style=\"padding-top: 150%;background-image:url(https:\/\/ambromeda.com\/wp-content\/uploads\/2020\/04\/20191109-172151.jpg);\"><\/div><a href=\"https:\/\/ambromeda.com\/hu\/portfolio\/street\/\"  class=\"pushed\" target=\"_self\" data-lb-index=\"1\"><div class=\"t-entry-visual-overlay\"><div class=\"t-entry-visual-overlay-in style-color-vyce-bg\" style=\"opacity: 0.4;\"><\/div><\/div><div class=\"t-overlay-wrap\"><div class=\"t-overlay-inner\">\n\t\t\t\t\t\t\t\t\t\t\t\t\t\t<div class=\"t-overlay-content\">\n\t\t\t\t\t\t\t\t\t\t\t\t\t\t\t<div class=\"t-overlay-text double-block-padding\"><div class=\"t-entry\"><h3 class=\"t-entry-title h1 title-scale\">STREET<\/h3><\/div><\/div><\/div><\/div><\/div><img decoding=\"async\" class=\"has-secondary-featured-image wp-image-797\" src=\"https:\/\/ambromeda.com\/wp-content\/uploads\/2020\/04\/20200223-185812-1.jpg\" width=\"1000\" height=\"1500\" alt=\"Little India Graffiti - Singapore\" srcset=\"https:\/\/ambromeda.com\/wp-content\/uploads\/2020\/04\/20200223-185812-1.jpg 1000w, https:\/\/ambromeda.com\/wp-content\/uploads\/2020\/04\/20200223-185812-1-600x900.jpg 600w, https:\/\/ambromeda.com\/wp-content\/uploads\/2020\/04\/20200223-185812-1-200x300.jpg 200w, https:\/\/ambromeda.com\/wp-content\/uploads\/2020\/04\/20200223-185812-1-683x1024.jpg 683w, https:\/\/ambromeda.com\/wp-content\/uploads\/2020\/04\/20200223-185812-1-768x1152.jpg 768w, https:\/\/ambromeda.com\/wp-content\/uploads\/2020\/04\/20200223-185812-1-uai-258x387.jpg 258w, https:\/\/ambromeda.com\/wp-content\/uploads\/2020\/04\/20200223-185812-1-uai-720x1080.jpg 720w, https:\/\/ambromeda.com\/wp-content\/uploads\/2020\/04\/20200223-185812-1-uai-516x774.jpg 516w\" sizes=\"(max-width: 1000px) 100vw, 1000px\" \/><\/a><\/div>\n\t\t\t\t\t<\/div>\n\t\t\t\t<\/div><\/div><\/div><div class=\"tmb atc-typography-inherit tmb-iso-w4 tmb-iso-h4 img-round img-round-xs tmb-light tmb-text-showed tmb-overlay-anim tmb-overlay-middle tmb-overlay-text-center tmb-text-space-reduced tmb-image-color-anim tmb-image-anim tmb-show-secondary tmb-shadowed tmb-shadowed-std tmb-entry-title-capitalize  tmb-id-332 tmb-media-first tmb-media-last tmb-content-overlay tmb-no-bg\" ><div class=\"t-inside animate_when_almost_visible zoom-in\" data-delay=\"200\" data-speed=\"1000\"><div class=\"t-entry-visual\"><div class=\"t-entry-visual-tc\"><div class=\"t-entry-visual-cont\"><div class=\"dummy secondary-dummy-image\" style=\"padding-top: 150%;background-image:url(https:\/\/ambromeda.com\/wp-content\/uploads\/2020\/04\/20170624-104207.jpg);\"><\/div><a href=\"https:\/\/ambromeda.com\/hu\/portfolio\/still\/\"  class=\"pushed\" target=\"_self\" data-lb-index=\"2\"><div class=\"t-entry-visual-overlay\"><div class=\"t-entry-visual-overlay-in style-color-vyce-bg\" style=\"opacity: 0.4;\"><\/div><\/div><div class=\"t-overlay-wrap\"><div class=\"t-overlay-inner\">\n\t\t\t\t\t\t\t\t\t\t\t\t\t\t<div class=\"t-overlay-content\">\n\t\t\t\t\t\t\t\t\t\t\t\t\t\t\t<div class=\"t-overlay-text double-block-padding\"><div class=\"t-entry\"><h3 class=\"t-entry-title h1 title-scale\">CSEND\u00c9LET<\/h3><\/div><\/div><\/div><\/div><\/div><img decoding=\"async\" class=\"has-secondary-featured-image wp-image-580\" src=\"https:\/\/ambromeda.com\/wp-content\/uploads\/2020\/04\/20200307-164117.jpg\" width=\"1000\" height=\"1500\" alt=\"Still\" srcset=\"https:\/\/ambromeda.com\/wp-content\/uploads\/2020\/04\/20200307-164117.jpg 1000w, https:\/\/ambromeda.com\/wp-content\/uploads\/2020\/04\/20200307-164117-600x900.jpg 600w, https:\/\/ambromeda.com\/wp-content\/uploads\/2020\/04\/20200307-164117-200x300.jpg 200w, https:\/\/ambromeda.com\/wp-content\/uploads\/2020\/04\/20200307-164117-683x1024.jpg 683w, https:\/\/ambromeda.com\/wp-content\/uploads\/2020\/04\/20200307-164117-768x1152.jpg 768w, https:\/\/ambromeda.com\/wp-content\/uploads\/2020\/04\/20200307-164117-uai-258x387.jpg 258w, https:\/\/ambromeda.com\/wp-content\/uploads\/2020\/04\/20200307-164117-uai-960x1440.jpg 960w, https:\/\/ambromeda.com\/wp-content\/uploads\/2020\/04\/20200307-164117-uai-720x1080.jpg 720w, https:\/\/ambromeda.com\/wp-content\/uploads\/2020\/04\/20200307-164117-uai-516x774.jpg 516w\" sizes=\"(max-width: 1000px) 100vw, 1000px\" \/><\/a><\/div>\n\t\t\t\t\t<\/div>\n\t\t\t\t<\/div><\/div><\/div><div class=\"tmb atc-typography-inherit tmb-iso-w4 tmb-iso-h4 img-round img-round-xs tmb-light tmb-text-showed tmb-overlay-anim tmb-overlay-middle tmb-overlay-text-center tmb-text-space-reduced tmb-image-color-anim tmb-image-anim tmb-show-secondary tmb-shadowed tmb-shadowed-std tmb-entry-title-capitalize  tmb-id-330 tmb-media-first tmb-media-last tmb-content-overlay tmb-no-bg\" ><div class=\"t-inside animate_when_almost_visible zoom-in\" data-delay=\"200\" data-speed=\"1000\"><div class=\"t-entry-visual\"><div class=\"t-entry-visual-tc\"><div class=\"t-entry-visual-cont\"><div class=\"dummy secondary-dummy-image\" style=\"padding-top: 66.7%;background-image:url(https:\/\/ambromeda.com\/wp-content\/uploads\/2020\/04\/20200222-190642.jpg);\"><\/div><a href=\"https:\/\/ambromeda.com\/hu\/portfolio\/industrial\/\"  class=\"pushed\" target=\"_self\" data-lb-index=\"3\"><div class=\"t-entry-visual-overlay\"><div class=\"t-entry-visual-overlay-in style-color-vyce-bg\" style=\"opacity: 0.4;\"><\/div><\/div><div class=\"t-overlay-wrap\"><div class=\"t-overlay-inner\">\n\t\t\t\t\t\t\t\t\t\t\t\t\t\t<div class=\"t-overlay-content\">\n\t\t\t\t\t\t\t\t\t\t\t\t\t\t\t<div class=\"t-overlay-text double-block-padding\"><div class=\"t-entry\"><h3 class=\"t-entry-title h1 title-scale\">INDUSTRIAL<\/h3><\/div><\/div><\/div><\/div><\/div><img decoding=\"async\" class=\"has-secondary-featured-image wp-image-582\" src=\"https:\/\/ambromeda.com\/wp-content\/uploads\/2020\/04\/20190930-170438.jpg\" width=\"1800\" height=\"1200\" alt=\"Industrial\" srcset=\"https:\/\/ambromeda.com\/wp-content\/uploads\/2020\/04\/20190930-170438.jpg 1800w, https:\/\/ambromeda.com\/wp-content\/uploads\/2020\/04\/20190930-170438-600x400.jpg 600w, https:\/\/ambromeda.com\/wp-content\/uploads\/2020\/04\/20190930-170438-300x200.jpg 300w, https:\/\/ambromeda.com\/wp-content\/uploads\/2020\/04\/20190930-170438-1024x683.jpg 1024w, https:\/\/ambromeda.com\/wp-content\/uploads\/2020\/04\/20190930-170438-768x512.jpg 768w, https:\/\/ambromeda.com\/wp-content\/uploads\/2020\/04\/20190930-170438-1536x1024.jpg 1536w, https:\/\/ambromeda.com\/wp-content\/uploads\/2020\/04\/20190930-170438-uai-258x172.jpg 258w, https:\/\/ambromeda.com\/wp-content\/uploads\/2020\/04\/20190930-170438-uai-516x344.jpg 516w, https:\/\/ambromeda.com\/wp-content\/uploads\/2020\/04\/20190930-170438-uai-1032x688.jpg 1032w, https:\/\/ambromeda.com\/wp-content\/uploads\/2020\/04\/20190930-170438-uai-720x480.jpg 720w, https:\/\/ambromeda.com\/wp-content\/uploads\/2020\/04\/20190930-170438-uai-1440x960.jpg 1440w\" sizes=\"(max-width: 1800px) 100vw, 1800px\" \/><\/a><\/div>\n\t\t\t\t\t<\/div>\n\t\t\t\t<\/div><\/div><\/div><div class=\"tmb atc-typography-inherit tmb-iso-w4 tmb-iso-h6 img-round img-round-xs tmb-light tmb-text-showed tmb-overlay-anim tmb-overlay-middle tmb-overlay-text-center tmb-text-space-reduced tmb-image-color-anim tmb-image-anim tmb-show-secondary tmb-shadowed tmb-shadowed-std tmb-entry-title-capitalize  tmb-id-328 tmb-media-first tmb-media-last tmb-content-overlay tmb-no-bg\" ><div class=\"t-inside animate_when_almost_visible zoom-in\" data-delay=\"200\" data-speed=\"1000\"><div class=\"t-entry-visual\"><div class=\"t-entry-visual-tc\"><div class=\"t-entry-visual-cont\"><div class=\"dummy secondary-dummy-image\" style=\"padding-top: 66.7%;background-image:url(https:\/\/ambromeda.com\/wp-content\/uploads\/2020\/04\/20190127-132918.jpg);\"><\/div><a href=\"https:\/\/ambromeda.com\/hu\/portfolio\/landscape\/\"  class=\"pushed\" target=\"_self\" data-lb-index=\"4\"><div class=\"t-entry-visual-overlay\"><div class=\"t-entry-visual-overlay-in style-color-vyce-bg\" style=\"opacity: 0.4;\"><\/div><\/div><div class=\"t-overlay-wrap\"><div class=\"t-overlay-inner\">\n\t\t\t\t\t\t\t\t\t\t\t\t\t\t<div class=\"t-overlay-content\">\n\t\t\t\t\t\t\t\t\t\t\t\t\t\t\t<div class=\"t-overlay-text double-block-padding\"><div class=\"t-entry\"><h3 class=\"t-entry-title h1 title-scale\">T\u00c1JK\u00c9P<\/h3><\/div><\/div><\/div><\/div><\/div><img decoding=\"async\" class=\"has-secondary-featured-image wp-image-605\" src=\"https:\/\/ambromeda.com\/wp-content\/uploads\/2020\/04\/20190210-131248-IMG-9874.jpg\" width=\"1500\" height=\"1000\" alt=\"Landscape\" srcset=\"https:\/\/ambromeda.com\/wp-content\/uploads\/2020\/04\/20190210-131248-IMG-9874.jpg 1500w, https:\/\/ambromeda.com\/wp-content\/uploads\/2020\/04\/20190210-131248-IMG-9874-600x400.jpg 600w, https:\/\/ambromeda.com\/wp-content\/uploads\/2020\/04\/20190210-131248-IMG-9874-300x200.jpg 300w, https:\/\/ambromeda.com\/wp-content\/uploads\/2020\/04\/20190210-131248-IMG-9874-1024x683.jpg 1024w, https:\/\/ambromeda.com\/wp-content\/uploads\/2020\/04\/20190210-131248-IMG-9874-768x512.jpg 768w, https:\/\/ambromeda.com\/wp-content\/uploads\/2020\/04\/20190210-131248-IMG-9874-uai-1032x688.jpg 1032w, https:\/\/ambromeda.com\/wp-content\/uploads\/2020\/04\/20190210-131248-IMG-9874-uai-258x172.jpg 258w, https:\/\/ambromeda.com\/wp-content\/uploads\/2020\/04\/20190210-131248-IMG-9874-uai-516x344.jpg 516w, https:\/\/ambromeda.com\/wp-content\/uploads\/2020\/04\/20190210-131248-IMG-9874-uai-720x480.jpg 720w, https:\/\/ambromeda.com\/wp-content\/uploads\/2020\/04\/20190210-131248-IMG-9874-uai-1440x960.jpg 1440w\" sizes=\"(max-width: 1500px) 100vw, 1500px\" \/><\/a><\/div>\n\t\t\t\t\t<\/div>\n\t\t\t\t<\/div><\/div><\/div><div class=\"tmb atc-typography-inherit tmb-iso-w4 tmb-iso-h4 img-round img-round-xs tmb-light tmb-text-showed tmb-overlay-anim tmb-overlay-middle tmb-overlay-text-center tmb-text-space-reduced tmb-image-color-anim tmb-image-anim tmb-show-secondary tmb-shadowed tmb-shadowed-std tmb-entry-title-capitalize  tmb-id-326 tmb-media-first tmb-media-last tmb-content-overlay tmb-no-bg\" ><div class=\"t-inside animate_when_almost_visible zoom-in\" data-delay=\"200\" data-speed=\"1000\"><div class=\"t-entry-visual\"><div class=\"t-entry-visual-tc\"><div class=\"t-entry-visual-cont\"><div class=\"dummy secondary-dummy-image\" style=\"padding-top: 75%;background-image:url(https:\/\/ambromeda.com\/wp-content\/uploads\/2020\/04\/20200101-151537.jpg);\"><\/div><a href=\"https:\/\/ambromeda.com\/hu\/portfolio\/architecture\/\"  class=\"pushed\" target=\"_self\" data-lb-index=\"5\"><div class=\"t-entry-visual-overlay\"><div class=\"t-entry-visual-overlay-in style-color-vyce-bg\" style=\"opacity: 0.4;\"><\/div><\/div><div class=\"t-overlay-wrap\"><div class=\"t-overlay-inner\">\n\t\t\t\t\t\t\t\t\t\t\t\t\t\t<div class=\"t-overlay-content\">\n\t\t\t\t\t\t\t\t\t\t\t\t\t\t\t<div class=\"t-overlay-text double-block-padding\"><div class=\"t-entry\"><h3 class=\"t-entry-title h1 title-scale\">\u00c9P\u00cdT\u00c9SZET<\/h3><\/div><\/div><\/div><\/div><\/div><img decoding=\"async\" class=\"has-secondary-featured-image wp-image-538\" src=\"https:\/\/ambromeda.com\/wp-content\/uploads\/2020\/04\/20191114-172508.jpg\" width=\"1500\" height=\"1125\" alt=\"Architecture\" srcset=\"https:\/\/ambromeda.com\/wp-content\/uploads\/2020\/04\/20191114-172508.jpg 1500w, https:\/\/ambromeda.com\/wp-content\/uploads\/2020\/04\/20191114-172508-600x450.jpg 600w, https:\/\/ambromeda.com\/wp-content\/uploads\/2020\/04\/20191114-172508-300x225.jpg 300w, https:\/\/ambromeda.com\/wp-content\/uploads\/2020\/04\/20191114-172508-1024x768.jpg 1024w, https:\/\/ambromeda.com\/wp-content\/uploads\/2020\/04\/20191114-172508-768x576.jpg 768w, https:\/\/ambromeda.com\/wp-content\/uploads\/2020\/04\/20191114-172508-uai-1440x1080.jpg 1440w, https:\/\/ambromeda.com\/wp-content\/uploads\/2020\/04\/20191114-172508-uai-258x193.jpg 258w, https:\/\/ambromeda.com\/wp-content\/uploads\/2020\/04\/20191114-172508-uai-1032x774.jpg 1032w, https:\/\/ambromeda.com\/wp-content\/uploads\/2020\/04\/20191114-172508-uai-720x540.jpg 720w, https:\/\/ambromeda.com\/wp-content\/uploads\/2020\/04\/20191114-172508-uai-516x387.jpg 516w\" sizes=\"(max-width: 1500px) 100vw, 1500px\" \/><\/a><\/div>\n\t\t\t\t\t<\/div>\n\t\t\t\t<\/div><\/div><\/div><div class=\"tmb atc-typography-inherit tmb-iso-w4 tmb-iso-h4 img-round img-round-xs tmb-light tmb-text-showed tmb-overlay-anim tmb-overlay-middle tmb-overlay-text-center tmb-text-space-reduced tmb-image-color-anim tmb-image-anim tmb-show-secondary tmb-shadowed tmb-shadowed-std tmb-entry-title-capitalize  tmb-id-192 tmb-media-first tmb-media-last tmb-content-overlay tmb-no-bg\" ><div class=\"t-inside animate_when_almost_visible zoom-in\" data-delay=\"200\" data-speed=\"1000\"><div class=\"t-entry-visual\"><div class=\"t-entry-visual-tc\"><div class=\"t-entry-visual-cont\"><div class=\"dummy secondary-dummy-image\" style=\"padding-top: 150%;background-image:url(https:\/\/ambromeda.com\/wp-content\/uploads\/2020\/04\/20191026-171256.jpg);\"><\/div><a href=\"https:\/\/ambromeda.com\/hu\/portfolio\/portrait\/\"  class=\"pushed\" target=\"_self\" data-lb-index=\"6\"><div class=\"t-entry-visual-overlay\"><div class=\"t-entry-visual-overlay-in style-color-vyce-bg\" style=\"opacity: 0.4;\"><\/div><\/div><div class=\"t-overlay-wrap\"><div class=\"t-overlay-inner\">\n\t\t\t\t\t\t\t\t\t\t\t\t\t\t<div class=\"t-overlay-content\">\n\t\t\t\t\t\t\t\t\t\t\t\t\t\t\t<div class=\"t-overlay-text double-block-padding\"><div class=\"t-entry\"><h3 class=\"t-entry-title h1 title-scale\">PORTR\u00c9<\/h3><\/div><\/div><\/div><\/div><\/div><img decoding=\"async\" class=\"has-secondary-featured-image wp-image-670\" src=\"https:\/\/ambromeda.com\/wp-content\/uploads\/2020\/04\/20180719-IMG-5222-1.jpg\" width=\"1000\" height=\"1500\" alt=\"Portrait\" srcset=\"https:\/\/ambromeda.com\/wp-content\/uploads\/2020\/04\/20180719-IMG-5222-1.jpg 1000w, https:\/\/ambromeda.com\/wp-content\/uploads\/2020\/04\/20180719-IMG-5222-1-600x900.jpg 600w, https:\/\/ambromeda.com\/wp-content\/uploads\/2020\/04\/20180719-IMG-5222-1-200x300.jpg 200w, https:\/\/ambromeda.com\/wp-content\/uploads\/2020\/04\/20180719-IMG-5222-1-683x1024.jpg 683w, https:\/\/ambromeda.com\/wp-content\/uploads\/2020\/04\/20180719-IMG-5222-1-768x1152.jpg 768w, https:\/\/ambromeda.com\/wp-content\/uploads\/2020\/04\/20180719-IMG-5222-1-uai-258x387.jpg 258w, https:\/\/ambromeda.com\/wp-content\/uploads\/2020\/04\/20180719-IMG-5222-1-uai-720x1080.jpg 720w, https:\/\/ambromeda.com\/wp-content\/uploads\/2020\/04\/20180719-IMG-5222-1-uai-516x774.jpg 516w\" sizes=\"(max-width: 1000px) 100vw, 1000px\" \/><\/a><\/div>\n\t\t\t\t\t<\/div>\n\t\t\t\t<\/div><\/div><\/div><div class=\"tmb atc-typography-inherit tmb-iso-w4 tmb-iso-h6 img-round img-round-xs tmb-light tmb-text-showed tmb-overlay-anim tmb-overlay-middle tmb-overlay-text-center tmb-text-space-reduced tmb-image-color-anim tmb-image-anim tmb-show-secondary tmb-shadowed tmb-shadowed-std tmb-entry-title-capitalize  tmb-id-188 tmb-media-first tmb-media-last tmb-content-overlay tmb-no-bg\" ><div class=\"t-inside animate_when_almost_visible zoom-in\" data-delay=\"200\" data-speed=\"1000\"><div class=\"t-entry-visual\"><div class=\"t-entry-visual-tc\"><div class=\"t-entry-visual-cont\"><div class=\"dummy secondary-dummy-image\" style=\"padding-top: 150%;background-image:url(https:\/\/ambromeda.com\/wp-content\/uploads\/2020\/04\/exopop_007_20230318_214835.jpg);\"><\/div><a href=\"https:\/\/ambromeda.com\/hu\/portfolio\/event\/\"  class=\"pushed\" target=\"_self\" data-lb-index=\"7\"><div class=\"t-entry-visual-overlay\"><div class=\"t-entry-visual-overlay-in style-color-vyce-bg\" style=\"opacity: 0.4;\"><\/div><\/div><div class=\"t-overlay-wrap\"><div class=\"t-overlay-inner\">\n\t\t\t\t\t\t\t\t\t\t\t\t\t\t<div class=\"t-overlay-content\">\n\t\t\t\t\t\t\t\t\t\t\t\t\t\t\t<div class=\"t-overlay-text double-block-padding\"><div class=\"t-entry\"><h3 class=\"t-entry-title h1 title-scale\">ESEM\u00c9NY<\/h3><\/div><\/div><\/div><\/div><\/div><img decoding=\"async\" class=\"has-secondary-featured-image wp-image-95434\" src=\"https:\/\/ambromeda.com\/wp-content\/uploads\/2024\/03\/20240323_165247_010-2.jpg\" width=\"1000\" height=\"1500\" alt=\"\" srcset=\"https:\/\/ambromeda.com\/wp-content\/uploads\/2024\/03\/20240323_165247_010-2.jpg 1000w, https:\/\/ambromeda.com\/wp-content\/uploads\/2024\/03\/20240323_165247_010-2-200x300.jpg 200w, https:\/\/ambromeda.com\/wp-content\/uploads\/2024\/03\/20240323_165247_010-2-683x1024.jpg 683w, https:\/\/ambromeda.com\/wp-content\/uploads\/2024\/03\/20240323_165247_010-2-768x1152.jpg 768w, https:\/\/ambromeda.com\/wp-content\/uploads\/2024\/03\/20240323_165247_010-2-8x12.jpg 8w, https:\/\/ambromeda.com\/wp-content\/uploads\/2024\/03\/20240323_165247_010-2-350x525.jpg 350w, https:\/\/ambromeda.com\/wp-content\/uploads\/2024\/03\/20240323_165247_010-2-600x900.jpg 600w, https:\/\/ambromeda.com\/wp-content\/uploads\/2024\/03\/20240323_165247_010-2-uai-258x387.jpg 258w, https:\/\/ambromeda.com\/wp-content\/uploads\/2024\/03\/20240323_165247_010-2-uai-516x774.jpg 516w, https:\/\/ambromeda.com\/wp-content\/uploads\/2024\/03\/20240323_165247_010-2-uai-720x1080.jpg 720w\" sizes=\"(max-width: 1000px) 100vw, 1000px\" \/><\/a><\/div>\n\t\t\t\t\t<\/div>\n\t\t\t\t<\/div><\/div><\/div>\t\t<\/div>\t\n\t\n\n\t<\/div>\t\t\t<div class=\"isotope-footer grid-footer style-light without-bg single-gutter\">\n\t\t\t\t\t<\/div>\n\t\t\t\t<\/div>\n<\/div><\/div><\/div><\/div><\/div><script id=\"script-row-unique-0\" data-row=\"script-row-unique-0\" type=\"text\/javascript\" class=\"vc_controls\">UNCODE.initRow(document.getElementById(\"row-unique-0\"));<\/script><\/div><\/div><\/div>\n<\/div>","protected":false},"excerpt":{"rendered":"","protected":false},"author":2,"featured_media":0,"parent":0,"menu_order":0,"comment_status":"closed","ping_status":"closed","template":"","meta":{"_monsterinsights_skip_tracking":false,"_monsterinsights_sitenote_active":false,"_monsterinsights_sitenote_note":"","_monsterinsights_sitenote_category":0,"footnotes":""},"class_list":["post-250","page","type-page","status-publish","hentry","page_category-levente"],"_links":{"self":[{"href":"https:\/\/ambromeda.com\/hu\/wp-json\/wp\/v2\/pages\/250","targetHints":{"allow":["GET"]}}],"collection":[{"href":"https:\/\/ambromeda.com\/hu\/wp-json\/wp\/v2\/pages"}],"about":[{"href":"https:\/\/ambromeda.com\/hu\/wp-json\/wp\/v2\/types\/page"}],"author":[{"embeddable":true,"href":"https:\/\/ambromeda.com\/hu\/wp-json\/wp\/v2\/users\/2"}],"replies":[{"embeddable":true,"href":"https:\/\/ambromeda.com\/hu\/wp-json\/wp\/v2\/comments?post=250"}],"version-history":[{"count":0,"href":"https:\/\/ambromeda.com\/hu\/wp-json\/wp\/v2\/pages\/250\/revisions"}],"wp:attachment":[{"href":"https:\/\/ambromeda.com\/hu\/wp-json\/wp\/v2\/media?parent=250"}],"curies":[{"name":"wp","href":"https:\/\/api.w.org\/{rel}","templated":true}]}}